{"id":110,"date":"2025-04-27T15:44:45","date_gmt":"2025-04-27T15:44:45","guid":{"rendered":"https:\/\/dip.pag.com.py\/?post_type=product&#038;p=110"},"modified":"2025-04-27T15:47:39","modified_gmt":"2025-04-27T15:47:39","slug":"camara-360","status":"publish","type":"product","link":"https:\/\/dip.pag.com.py\/index.php\/producto\/camara-360\/","title":{"rendered":"Camara 360"},"content":{"rendered":"<p>\u203c\ufe0f<strong data-start=\"71\" data-end=\"90\">OFERTA ESPECIAL<\/strong>\u203c\ufe0f<br data-start=\"92\" data-end=\"95\" \/>\ud83d\udcf7\u2728 <strong data-start=\"99\" data-end=\"114\">C\u00e1mara 360\u00b0<\/strong><br data-start=\"114\" data-end=\"117\" \/>Control total desde tu celular con la <strong data-start=\"155\" data-end=\"171\">App: YsxLite<\/strong><br data-start=\"171\" data-end=\"174\" \/>\ud83d\udd39 Visi\u00f3n panor\u00e1mica en alta definici\u00f3n<br data-start=\"213\" data-end=\"216\" \/>\ud83d\udd39 Detecci\u00f3n de movimiento<br data-start=\"242\" data-end=\"245\" \/>\ud83d\udd39 Audio bidireccional<br data-start=\"267\" data-end=\"270\" \/>\ud83d\udd39 F\u00e1cil instalaci\u00f3n<br data-start=\"290\" data-end=\"293\" \/><strong data-start=\"293\" data-end=\"318\">Precio: 145.000 Gs \ud83e\udd29<\/strong><br data-start=\"318\" data-end=\"321\" \/>\u00a1Seguridad inteligente al alcance de tu mano! \ud83d\ude80<\/p>\n","protected":false},"excerpt":{"rendered":"<p>\u203c\ufe0fOFERTA ESPECIAL\u203c\ufe0f\ud83d\udcf7\u2728 C\u00e1mara 360\u00b0Control total desde tu celular con la App: YsxLite\ud83d\udd39 Visi\u00f3n panor\u00e1mica en alta definici\u00f3n\ud83d\udd39 Detecci\u00f3n de movimiento\ud83d\udd39 [&hellip;]<\/p>\n","protected":false},"featured_media":111,"template":"","meta":{"site-sidebar-layout":"default","site-content-layout":"","ast-site-content-layout":"default","site-content-style":"default","site-sidebar-style":"default","ast-global-header-display":"","ast-banner-title-visibility":"","ast-main-header-display":"","ast-hfb-above-header-display":"","ast-hfb-below-header-display":"","ast-hfb-mobile-header-display":"","site-post-title":"","ast-breadcrumbs-content":"","ast-featured-img":"","footer-sml-layout":"","theme-transparent-header-meta":"default","adv-header-id-meta":"","stick-header-meta":"","header-above-stick-meta":"","header-main-stick-meta":"","header-below-stick-meta":"","astra-migrate-meta-layouts":"set","ast-page-background-enabled":"default","ast-page-background-meta":{"desktop":{"background-color":"var(--ast-global-color-5)","background-image":"","background-repeat":"repeat","background-position":"center center","background-size":"auto","background-attachment":"scroll","background-type":"","background-media":"","overlay-type":"","overlay-color":"","overlay-opacity":"","overlay-gradient":""},"tablet":{"background-color":"","background-image":"","background-repeat":"repeat","background-position":"center center","background-size":"auto","background-attachment":"scroll","background-type":"","background-media":"","overlay-type":"","overlay-color":"","overlay-opacity":"","overlay-gradient":""},"mobile":{"background-color":"","background-image":"","background-repeat":"repeat","background-position":"center center","background-size":"auto","background-attachment":"scroll","background-type":"","background-media":"","overlay-type":"","overlay-color":"","overlay-opacity":"","overlay-gradient":""}},"ast-content-background-meta":{"desktop":{"background-color":"var(--ast-global-color-4)","background-image":"","background-repeat":"repeat","background-position":"center center","background-size":"auto","background-attachment":"scroll","background-type":"","background-media":"","overlay-type":"","overlay-color":"","overlay-opacity":"","overlay-gradient":""},"tablet":{"background-color":"var(--ast-global-color-4)","background-image":"","background-repeat":"repeat","background-position":"center center","background-size":"auto","background-attachment":"scroll","background-type":"","background-media":"","overlay-type":"","overlay-color":"","overlay-opacity":"","overlay-gradient":""},"mobile":{"background-color":"var(--ast-global-color-4)","background-image":"","background-repeat":"repeat","background-position":"center center","background-size":"auto","background-attachment":"scroll","background-type":"","background-media":"","overlay-type":"","overlay-color":"","overlay-opacity":"","overlay-gradient":""}}},"product_brand":[],"product_cat":[18,17],"product_tag":[],"class_list":{"0":"post-110","1":"product","2":"type-product","3":"status-publish","4":"has-post-thumbnail","6":"product_cat-gye","7":"product_cat-productos","8":"desktop-align-left","9":"tablet-align-left","10":"mobile-align-left","12":"first","13":"instock","14":"shipping-taxable","15":"purchasable","16":"product-type-simple"},"_links":{"self":[{"href":"https:\/\/dip.pag.com.py\/index.php\/wp-json\/wp\/v2\/product\/110","targetHints":{"allow":["GET"]}}],"collection":[{"href":"https:\/\/dip.pag.com.py\/index.php\/wp-json\/wp\/v2\/product"}],"about":[{"href":"https:\/\/dip.pag.com.py\/index.php\/wp-json\/wp\/v2\/types\/product"}],"wp:featuredmedia":[{"embeddable":true,"href":"https:\/\/dip.pag.com.py\/index.php\/wp-json\/wp\/v2\/media\/111"}],"wp:attachment":[{"href":"https:\/\/dip.pag.com.py\/index.php\/wp-json\/wp\/v2\/media?parent=110"}],"wp:term":[{"taxonomy":"product_brand","embeddable":true,"href":"https:\/\/dip.pag.com.py\/index.php\/wp-json\/wp\/v2\/product_brand?post=110"},{"taxonomy":"product_cat","embeddable":true,"href":"https:\/\/dip.pag.com.py\/index.php\/wp-json\/wp\/v2\/product_cat?post=110"},{"taxonomy":"product_tag","embeddable":true,"href":"https:\/\/dip.pag.com.py\/index.php\/wp-json\/wp\/v2\/product_tag?post=110"}],"curies":[{"name":"wp","href":"https:\/\/api.w.org\/{rel}","templated":true}]}}