{"id":103,"date":"2025-04-27T15:41:00","date_gmt":"2025-04-27T15:41:00","guid":{"rendered":"https:\/\/dip.pag.com.py\/?post_type=product&#038;p=103"},"modified":"2025-04-27T15:41:13","modified_gmt":"2025-04-27T15:41:13","slug":"ecopower-ep-c040","status":"publish","type":"product","link":"https:\/\/dip.pag.com.py\/index.php\/producto\/ecopower-ep-c040\/","title":{"rendered":"Ecopower ep &#8211; C040"},"content":{"rendered":"<p>Ecopower ep &#8211; C040<br \/>\n2 megapixels camera<br \/>\nSmart mini wifi camera<br \/>\nLente de 3.6 mm<br \/>\nDV 5v precio : 125.000gs \u2705\ufe0f\u203c\ufe0f<\/p>\n<p>Mini c\u00e1mara de vigilancia<br \/>\n&#8211; Puede conectarse a un cargador port\u00e1til USB para obtener varias horas de grabaci\u00f3n y transmisi\u00f3n en vivo a trav\u00e9s de WIFI.<br \/>\n&#8211; Se puede visualizar en tiempo real mediante la aplicaci\u00f3n v380pro en el tel\u00e9fono m\u00f3vil o la PC.<br \/>\n&#8211; La cabeza m\u00f3vil flexible permite orientar la c\u00e1mara al lugar deseado.<br \/>\n&#8211; Cuenta con detector de movimiento, captura de im\u00e1genes tanto durante el d\u00eda como durante la noche.<br \/>\n&#8211; Admite tarjeta de memoria micro SD de hasta 64 GB para la grabaci\u00f3n de videos.<br \/>\n&#8211; Compatible con Android o iPhone.<br \/>\n&#8211; Resoluci\u00f3n de 720p.<br \/>\n&#8211; Sensor de 2 MP.<br \/>\n&#8211; Lente de 3.6 mm.<\/p>\n","protected":false},"excerpt":{"rendered":"<p>Ecopower ep &#8211; C040 2 megapixels camera Smart mini wifi camera Lente de 3.6 mm DV 5v precio : 125.000gs [&hellip;]<\/p>\n","protected":false},"featured_media":104,"template":"","meta":{"site-sidebar-layout":"default","site-content-layout":"","ast-site-content-layout":"default","site-content-style":"default","site-sidebar-style":"default","ast-global-header-display":"","ast-banner-title-visibility":"","ast-main-header-display":"","ast-hfb-above-header-display":"","ast-hfb-below-header-display":"","ast-hfb-mobile-header-display":"","site-post-title":"","ast-breadcrumbs-content":"","ast-featured-img":"","footer-sml-layout":"","theme-transparent-header-meta":"default","adv-header-id-meta":"","stick-header-meta":"","header-above-stick-meta":"","header-main-stick-meta":"","header-below-stick-meta":"","astra-migrate-meta-layouts":"set","ast-page-background-enabled":"default","ast-page-background-meta":{"desktop":{"background-color":"var(--ast-global-color-5)","background-image":"","background-repeat":"repeat","background-position":"center center","background-size":"auto","background-attachment":"scroll","background-type":"","background-media":"","overlay-type":"","overlay-color":"","overlay-opacity":"","overlay-gradient":""},"tablet":{"background-color":"","background-image":"","background-repeat":"repeat","background-position":"center center","background-size":"auto","background-attachment":"scroll","background-type":"","background-media":"","overlay-type":"","overlay-color":"","overlay-opacity":"","overlay-gradient":""},"mobile":{"background-color":"","background-image":"","background-repeat":"repeat","background-position":"center center","background-size":"auto","background-attachment":"scroll","background-type":"","background-media":"","overlay-type":"","overlay-color":"","overlay-opacity":"","overlay-gradient":""}},"ast-content-background-meta":{"desktop":{"background-color":"var(--ast-global-color-4)","background-image":"","background-repeat":"repeat","background-position":"center center","background-size":"auto","background-attachment":"scroll","background-type":"","background-media":"","overlay-type":"","overlay-color":"","overlay-opacity":"","overlay-gradient":""},"tablet":{"background-color":"var(--ast-global-color-4)","background-image":"","background-repeat":"repeat","background-position":"center center","background-size":"auto","background-attachment":"scroll","background-type":"","background-media":"","overlay-type":"","overlay-color":"","overlay-opacity":"","overlay-gradient":""},"mobile":{"background-color":"var(--ast-global-color-4)","background-image":"","background-repeat":"repeat","background-position":"center center","background-size":"auto","background-attachment":"scroll","background-type":"","background-media":"","overlay-type":"","overlay-color":"","overlay-opacity":"","overlay-gradient":""}}},"product_brand":[],"product_cat":[18,17],"product_tag":[],"class_list":{"0":"post-103","1":"product","2":"type-product","3":"status-publish","4":"has-post-thumbnail","6":"product_cat-gye","7":"product_cat-productos","8":"desktop-align-left","9":"tablet-align-left","10":"mobile-align-left","12":"first","13":"instock","14":"shipping-taxable","15":"purchasable","16":"product-type-simple"},"_links":{"self":[{"href":"https:\/\/dip.pag.com.py\/index.php\/wp-json\/wp\/v2\/product\/103","targetHints":{"allow":["GET"]}}],"collection":[{"href":"https:\/\/dip.pag.com.py\/index.php\/wp-json\/wp\/v2\/product"}],"about":[{"href":"https:\/\/dip.pag.com.py\/index.php\/wp-json\/wp\/v2\/types\/product"}],"wp:featuredmedia":[{"embeddable":true,"href":"https:\/\/dip.pag.com.py\/index.php\/wp-json\/wp\/v2\/media\/104"}],"wp:attachment":[{"href":"https:\/\/dip.pag.com.py\/index.php\/wp-json\/wp\/v2\/media?parent=103"}],"wp:term":[{"taxonomy":"product_brand","embeddable":true,"href":"https:\/\/dip.pag.com.py\/index.php\/wp-json\/wp\/v2\/product_brand?post=103"},{"taxonomy":"product_cat","embeddable":true,"href":"https:\/\/dip.pag.com.py\/index.php\/wp-json\/wp\/v2\/product_cat?post=103"},{"taxonomy":"product_tag","embeddable":true,"href":"https:\/\/dip.pag.com.py\/index.php\/wp-json\/wp\/v2\/product_tag?post=103"}],"curies":[{"name":"wp","href":"https:\/\/api.w.org\/{rel}","templated":true}]}}